{"id":77,"date":"2023-10-05T18:40:59","date_gmt":"2023-10-05T16:40:59","guid":{"rendered":"https:\/\/ariasdevelasco.com\/?page_id=77"},"modified":"2026-01-21T17:45:21","modified_gmt":"2026-01-21T16:45:21","slug":"firma","status":"publish","type":"page","link":"https:\/\/ariasdevelasco.com\/en\/firma\/","title":{"rendered":"Signature"},"content":{"rendered":"\t\t<div data-elementor-type=\"wp-page\" data-elementor-id=\"77\" class=\"elementor elementor-77\" data-elementor-post-type=\"page\">\n\t\t\t\t<div class=\"elementor-element elementor-element-9422b17 e-flex e-con-boxed e-con e-parent\" data-id=\"9422b17\" data-element_type=\"container\" data-settings=\"{&quot;background_background&quot;:&quot;classic&quot;}\">\n\t\t\t\t\t<div class=\"e-con-inner\">\n\t\t<div class=\"elementor-element elementor-element-d330cf6 e-flex e-con-boxed e-con e-child\" data-id=\"d330cf6\" data-element_type=\"container\">\n\t\t\t\t\t<div class=\"e-con-inner\">\n\t\t\t\t<div class=\"elementor-element elementor-element-eb3bb27 elementor-widget elementor-widget-heading\" data-id=\"eb3bb27\" data-element_type=\"widget\" data-widget_type=\"heading.default\">\n\t\t\t\t<div class=\"elementor-widget-container\">\n\t\t\t\t\t<h1 class=\"elementor-heading-title elementor-size-default\">Despacho de abogados en Oviedo, Ribadesella y Llanes<\/h1>\t\t\t\t<\/div>\n\t\t\t\t<\/div>\n\t\t\t\t<div class=\"elementor-element elementor-element-114fc87 elementor-widget elementor-widget-heading\" data-id=\"114fc87\" data-element_type=\"widget\" data-widget_type=\"heading.default\">\n\t\t\t\t<div class=\"elementor-widget-container\">\n\t\t\t\t\t<h2 class=\"elementor-heading-title elementor-size-default\">Nuestro equipo de abogados<\/h2>\t\t\t\t<\/div>\n\t\t\t\t<\/div>\n\t\t\t\t<div class=\"elementor-element elementor-element-ca77f61 elementor-widget elementor-widget-text-editor\" data-id=\"ca77f61\" data-element_type=\"widget\" data-widget_type=\"text-editor.default\">\n\t\t\t\t<div class=\"elementor-widget-container\">\n\t\t\t\t\t\t\t\t\t<p style=\"text-align: center;\">Nuestra firma es un s\u00edmbolo de la tradici\u00f3n legal, respaldada por a\u00f1os de experiencia familiar y una comprensi\u00f3n profunda de la jurisprudencia. La esencia de nuestra firma emana de una extensa tradici\u00f3n familiar que ha dedicado exclusivamente sus vidas al derecho. A lo largo de generaciones, desde Jes\u00fas Arias de Velasco catedr\u00e1tico, magistrado y presidente de la Sala Quinta del Tribunal Supremo en 1930 , hasta la actualidad, cada miembro de nuestra familia ha contribuido con pasi\u00f3n y dedicaci\u00f3n al \u00e1mbito legal. Llevamos consigo la profunda herencia de un compromiso inquebrantable con la justicia, estableciendo as\u00ed una firma que refleja la integridad y la excelencia arraigada en d\u00e9cadas de experiencia y devoci\u00f3n al servicio legal.<\/p>\t\t\t\t\t\t\t\t<\/div>\n\t\t\t\t<\/div>\n\t\t\t\t\t<\/div>\n\t\t\t\t<\/div>\n\t\t\t\t\t<\/div>\n\t\t\t\t<\/div>\n\t\t<div class=\"elementor-element elementor-element-0a9eb51 e-flex e-con-boxed e-con e-parent\" data-id=\"0a9eb51\" data-element_type=\"container\">\n\t\t\t\t\t<div class=\"e-con-inner\">\n\t\t<div class=\"elementor-element elementor-element-0b1c0d5 e-con-full e-flex e-con e-child\" data-id=\"0b1c0d5\" data-element_type=\"container\">\n\t\t\t\t<div class=\"elementor-element elementor-element-62d7663 elementor-widget elementor-widget-heading\" data-id=\"62d7663\" data-element_type=\"widget\" data-widget_type=\"heading.default\">\n\t\t\t\t<div class=\"elementor-widget-container\">\n\t\t\t\t\t<h2 class=\"elementor-heading-title elementor-size-default\">El Titular<\/h2>\t\t\t\t<\/div>\n\t\t\t\t<\/div>\n\t\t<div class=\"elementor-element elementor-element-a7abbed e-con-full e-flex e-con e-child\" data-id=\"a7abbed\" data-element_type=\"container\">\n\t\t<div class=\"elementor-element elementor-element-a8cf086 e-con-full e-flex e-con e-child\" data-id=\"a8cf086\" data-element_type=\"container\">\n\t\t\t\t<div class=\"elementor-element elementor-element-7bd35cf elementor-widget elementor-widget-text-editor\" data-id=\"7bd35cf\" data-element_type=\"widget\" data-widget_type=\"text-editor.default\">\n\t\t\t\t<div class=\"elementor-widget-container\">\n\t\t\t\t\t\t\t\t\t<p>El letrado, Antonio \u00c1lvarez D\u00edaz Arias de Velasco, fundador del bufete Arias de Velasco, es un destacado jurista con una formaci\u00f3n s\u00f3lida en derecho. Se gradu\u00f3 en la reconocida Universidad de Oviedo y posteriormente complet\u00f3 su M\u00e1ster de Acceso a la Abogac\u00eda en A Coru\u00f1a. Comenz\u00f3 su carrera especializ\u00e1ndose en responsabilidad civil y laboral.<br \/>Durante los \u00faltimos seis a\u00f1os, ha litigado en los juzgados de Catalu\u00f1a, simult\u00e1neamente complementando su formaci\u00f3n con el M\u00e1ster de Acceso a la Procura, fortaleciendo as\u00ed sus conocimientos en aspectos procesales del derecho. Su enfoque experto se extiende al \u00e1mbito de la responsabilidad civil y el derecho laboral respaldado por su experiencia y cursos especializados.<\/p>\t\t\t\t\t\t\t\t<\/div>\n\t\t\t\t<\/div>\n\t\t\t\t<\/div>\n\t\t<div class=\"elementor-element elementor-element-b4b8e22 e-con-full e-flex e-con e-child\" data-id=\"b4b8e22\" data-element_type=\"container\">\n\t\t\t\t<div class=\"elementor-element elementor-element-9f8a494 elementor-widget elementor-widget-image\" data-id=\"9f8a494\" data-element_type=\"widget\" data-widget_type=\"image.default\">\n\t\t\t\t<div class=\"elementor-widget-container\">\n\t\t\t\t\t\t\t\t\t\t\t\t\t\t\t<img fetchpriority=\"high\" decoding=\"async\" width=\"1024\" height=\"682\" src=\"https:\/\/ariasdevelasco.com\/wp-content\/uploads\/2026\/01\/WhatsApp-Image-2026-01-20-at-13.14.40-1024x682.jpeg\" class=\"attachment-large size-large wp-image-1507\" alt=\"\" srcset=\"https:\/\/ariasdevelasco.com\/wp-content\/uploads\/2026\/01\/WhatsApp-Image-2026-01-20-at-13.14.40-1024x682.jpeg 1024w, https:\/\/ariasdevelasco.com\/wp-content\/uploads\/2026\/01\/WhatsApp-Image-2026-01-20-at-13.14.40-300x200.jpeg 300w, https:\/\/ariasdevelasco.com\/wp-content\/uploads\/2026\/01\/WhatsApp-Image-2026-01-20-at-13.14.40-768x512.jpeg 768w, https:\/\/ariasdevelasco.com\/wp-content\/uploads\/2026\/01\/WhatsApp-Image-2026-01-20-at-13.14.40-1536x1023.jpeg 1536w, https:\/\/ariasdevelasco.com\/wp-content\/uploads\/2026\/01\/WhatsApp-Image-2026-01-20-at-13.14.40-18x12.jpeg 18w, https:\/\/ariasdevelasco.com\/wp-content\/uploads\/2026\/01\/WhatsApp-Image-2026-01-20-at-13.14.40.jpeg 1600w\" sizes=\"(max-width: 1024px) 100vw, 1024px\" \/>\t\t\t\t\t\t\t\t\t\t\t\t\t\t\t<\/div>\n\t\t\t\t<\/div>\n\t\t\t\t<\/div>\n\t\t\t\t<\/div>\n\t\t\t\t<div class=\"elementor-element elementor-element-133485e elementor-widget elementor-widget-heading\" data-id=\"133485e\" data-element_type=\"widget\" data-widget_type=\"heading.default\">\n\t\t\t\t<div class=\"elementor-widget-container\">\n\t\t\t\t\t<h2 class=\"elementor-heading-title elementor-size-default\">Despacho de abogados en Oviedo y resto de Asturias<\/h2>\t\t\t\t<\/div>\n\t\t\t\t<\/div>\n\t\t\t\t<\/div>\n\t\t\t\t\t<\/div>\n\t\t\t\t<\/div>\n\t\t<div class=\"elementor-element elementor-element-baa8cc1 e-flex e-con-boxed e-con e-parent\" data-id=\"baa8cc1\" data-element_type=\"container\">\n\t\t\t\t\t<div class=\"e-con-inner\">\n\t\t<div class=\"elementor-element elementor-element-342919e e-con-full e-flex e-con e-child\" data-id=\"342919e\" data-element_type=\"container\">\n\t\t\t\t<div class=\"elementor-element elementor-element-4a2a238 elementor-widget elementor-widget-image\" data-id=\"4a2a238\" data-element_type=\"widget\" data-widget_type=\"image.default\">\n\t\t\t\t<div class=\"elementor-widget-container\">\n\t\t\t\t\t\t\t\t\t\t\t\t\t\t\t<img decoding=\"async\" width=\"1024\" height=\"1024\" src=\"https:\/\/ariasdevelasco.com\/wp-content\/uploads\/2023\/11\/Logo-AriasdeVelasco_Compacto_Cuadrado-letras-dark-1024x1024.jpg\" class=\"attachment-large size-large wp-image-194\" alt=\"\" srcset=\"https:\/\/ariasdevelasco.com\/wp-content\/uploads\/2023\/11\/Logo-AriasdeVelasco_Compacto_Cuadrado-letras-dark-1024x1024.jpg 1024w, https:\/\/ariasdevelasco.com\/wp-content\/uploads\/2023\/11\/Logo-AriasdeVelasco_Compacto_Cuadrado-letras-dark-300x300.jpg 300w, https:\/\/ariasdevelasco.com\/wp-content\/uploads\/2023\/11\/Logo-AriasdeVelasco_Compacto_Cuadrado-letras-dark-150x150.jpg 150w, https:\/\/ariasdevelasco.com\/wp-content\/uploads\/2023\/11\/Logo-AriasdeVelasco_Compacto_Cuadrado-letras-dark-768x768.jpg 768w, https:\/\/ariasdevelasco.com\/wp-content\/uploads\/2023\/11\/Logo-AriasdeVelasco_Compacto_Cuadrado-letras-dark-1536x1536.jpg 1536w, https:\/\/ariasdevelasco.com\/wp-content\/uploads\/2023\/11\/Logo-AriasdeVelasco_Compacto_Cuadrado-letras-dark-2048x2048.jpg 2048w\" sizes=\"(max-width: 1024px) 100vw, 1024px\" \/>\t\t\t\t\t\t\t\t\t\t\t\t\t\t\t<\/div>\n\t\t\t\t<\/div>\n\t\t\t\t<div class=\"elementor-element elementor-element-9acdabc elementor-position-left elementor-mobile-position-left elementor-view-default elementor-widget elementor-widget-icon-box\" data-id=\"9acdabc\" data-element_type=\"widget\" data-widget_type=\"icon-box.default\">\n\t\t\t\t<div class=\"elementor-widget-container\">\n\t\t\t\t\t\t\t<div class=\"elementor-icon-box-wrapper\">\n\n\t\t\t\t\t\t<div class=\"elementor-icon-box-icon\">\n\t\t\t\t<a href=\"https:\/\/api.whatsapp.com\/send?phone=34696383720&#038;text=%C2%A1Hola!%20Necesito%20ayuda%20con...\" class=\"elementor-icon\" tabindex=\"-1\" aria-label=\"696 521 459\" target=\"_blank\" rel=\"noopener\">\n\t\t\t\t<i aria-hidden=\"true\" class=\"fab fa-whatsapp\"><\/i>\t\t\t\t<\/a>\n\t\t\t<\/div>\n\t\t\t\n\t\t\t\t\t\t<div class=\"elementor-icon-box-content\">\n\n\t\t\t\t\t\t\t\t\t<h4 class=\"elementor-icon-box-title\">\n\t\t\t\t\t\t<a href=\"https:\/\/api.whatsapp.com\/send?phone=34696383720&#038;text=%C2%A1Hola!%20Necesito%20ayuda%20con...\" target=\"_blank\" rel=\"noopener\">\n\t\t\t\t\t\t\t696 521 459\t\t\t\t\t\t<\/a>\n\t\t\t\t\t<\/h4>\n\t\t\t\t\n\t\t\t\t\n\t\t\t<\/div>\n\t\t\t\n\t\t<\/div>\n\t\t\t\t\t\t<\/div>\n\t\t\t\t<\/div>\n\t\t\t\t<div class=\"elementor-element elementor-element-10aecf8 elementor-position-left elementor-mobile-position-left elementor-view-default elementor-widget elementor-widget-icon-box\" data-id=\"10aecf8\" data-element_type=\"widget\" data-widget_type=\"icon-box.default\">\n\t\t\t\t<div class=\"elementor-widget-container\">\n\t\t\t\t\t\t\t<div class=\"elementor-icon-box-wrapper\">\n\n\t\t\t\t\t\t<div class=\"elementor-icon-box-icon\">\n\t\t\t\t<a href=\"tel:34696521459\" class=\"elementor-icon\" tabindex=\"-1\" aria-label=\"696 521 459\">\n\t\t\t\t<i aria-hidden=\"true\" class=\"fas fa-phone-volume\"><\/i>\t\t\t\t<\/a>\n\t\t\t<\/div>\n\t\t\t\n\t\t\t\t\t\t<div class=\"elementor-icon-box-content\">\n\n\t\t\t\t\t\t\t\t\t<h4 class=\"elementor-icon-box-title\">\n\t\t\t\t\t\t<a href=\"tel:34696521459\" >\n\t\t\t\t\t\t\t696 521 459\t\t\t\t\t\t<\/a>\n\t\t\t\t\t<\/h4>\n\t\t\t\t\n\t\t\t\t\n\t\t\t<\/div>\n\t\t\t\n\t\t<\/div>\n\t\t\t\t\t\t<\/div>\n\t\t\t\t<\/div>\n\t\t\t\t<div class=\"elementor-element elementor-element-cea6a68 elementor-position-left elementor-mobile-position-left elementor-view-default elementor-widget elementor-widget-icon-box\" data-id=\"cea6a68\" data-element_type=\"widget\" data-widget_type=\"icon-box.default\">\n\t\t\t\t<div class=\"elementor-widget-container\">\n\t\t\t\t\t\t\t<div class=\"elementor-icon-box-wrapper\">\n\n\t\t\t\t\t\t<div class=\"elementor-icon-box-icon\">\n\t\t\t\t<span  class=\"elementor-icon\">\n\t\t\t\t<i aria-hidden=\"true\" class=\"fas fa-map-marker-alt\"><\/i>\t\t\t\t<\/span>\n\t\t\t<\/div>\n\t\t\t\n\t\t\t\t\t\t<div class=\"elementor-icon-box-content\">\n\n\t\t\t\t\t\t\t\t\t<h4 class=\"elementor-icon-box-title\">\n\t\t\t\t\t\t<span  >\n\t\t\t\t\t\t\tMadrid | Calle Trevi\u00f1o, 7, 2-izq, 28003\t\t\t\t\t\t<\/span>\n\t\t\t\t\t<\/h4>\n\t\t\t\t\n\t\t\t\t\n\t\t\t<\/div>\n\t\t\t\n\t\t<\/div>\n\t\t\t\t\t\t<\/div>\n\t\t\t\t<\/div>\n\t\t\t\t<div class=\"elementor-element elementor-element-4fa7b52 elementor-position-left elementor-mobile-position-left elementor-view-default elementor-widget elementor-widget-icon-box\" data-id=\"4fa7b52\" data-element_type=\"widget\" data-widget_type=\"icon-box.default\">\n\t\t\t\t<div class=\"elementor-widget-container\">\n\t\t\t\t\t\t\t<div class=\"elementor-icon-box-wrapper\">\n\n\t\t\t\t\t\t<div class=\"elementor-icon-box-icon\">\n\t\t\t\t<span  class=\"elementor-icon\">\n\t\t\t\t<i aria-hidden=\"true\" class=\"fas fa-map-marker-alt\"><\/i>\t\t\t\t<\/span>\n\t\t\t<\/div>\n\t\t\t\n\t\t\t\t\t\t<div class=\"elementor-icon-box-content\">\n\n\t\t\t\t\t\t\t\t\t<h4 class=\"elementor-icon-box-title\">\n\t\t\t\t\t\t<span  >\n\t\t\t\t\t\t\tOviedo | Calle Marqu\u00e9s de Pidal ,7, 1-izq, 3004\t\t\t\t\t\t<\/span>\n\t\t\t\t\t<\/h4>\n\t\t\t\t\n\t\t\t\t\n\t\t\t<\/div>\n\t\t\t\n\t\t<\/div>\n\t\t\t\t\t\t<\/div>\n\t\t\t\t<\/div>\n\t\t\t\t<div class=\"elementor-element elementor-element-09145f1 elementor-widget elementor-widget-text-editor\" data-id=\"09145f1\" data-element_type=\"widget\" data-widget_type=\"text-editor.default\">\n\t\t\t\t<div class=\"elementor-widget-container\">\n\t\t\t\t\t\t\t\t\tTambi\u00e9n estamos en Calle Falua 75, 33347 Ribadesella, Asturias.\t\t\t\t\t\t\t\t<\/div>\n\t\t\t\t<\/div>\n\t\t\t\t<\/div>\n\t\t<div class=\"elementor-element elementor-element-8369e78 e-con-full e-flex e-con e-child\" data-id=\"8369e78\" data-element_type=\"container\">\n\t\t\t\t<div class=\"elementor-element elementor-element-e22b42d elementor-widget elementor-widget-heading\" data-id=\"e22b42d\" data-element_type=\"widget\" data-widget_type=\"heading.default\">\n\t\t\t\t<div class=\"elementor-widget-container\">\n\t\t\t\t\t<h3 class=\"elementor-heading-title elementor-size-default\">Solicita informaci\u00f3n sin compromiso<\/h3>\t\t\t\t<\/div>\n\t\t\t\t<\/div>\n\t\t\t\t<div class=\"elementor-element elementor-element-2d3d1c9 elementor-button-align-center elementor-widget elementor-widget-form\" data-id=\"2d3d1c9\" data-element_type=\"widget\" data-settings=\"{&quot;step_next_label&quot;:&quot;Siguiente&quot;,&quot;step_previous_label&quot;:&quot;Anterior&quot;,&quot;step_type&quot;:&quot;number_text&quot;,&quot;step_icon_shape&quot;:&quot;circle&quot;}\" data-widget_type=\"form.default\">\n\t\t\t\t<div class=\"elementor-widget-container\">\n\t\t\t\t\t\t\t<form class=\"elementor-form\" method=\"post\" name=\"Nuevo formulario\" aria-label=\"Nuevo formulario\">\n\t\t\t<input type=\"hidden\" name=\"post_id\" value=\"77\"\/>\n\t\t\t<input type=\"hidden\" name=\"form_id\" value=\"2d3d1c9\"\/>\n\t\t\t<input type=\"hidden\" name=\"referer_title\" value=\"\" \/>\n\n\t\t\t\n\t\t\t<div class=\"elementor-form-fields-wrapper elementor-labels-above\">\n\t\t\t\t\t\t\t\t<div class=\"elementor-field-type-radio elementor-field-group elementor-column elementor-field-group-field_ded5b9f elementor-col-100 elementor-field-required elementor-mark-required\">\n\t\t\t\t\t\t\t\t\t\t\t\t<label for=\"form-field-field_ded5b9f\" class=\"elementor-field-label\">\n\t\t\t\t\t\t\t\tSoy....\t\t\t\t\t\t\t<\/label>\n\t\t\t\t\t\t<div class=\"elementor-field-subgroup  elementor-subgroup-inline\"><span class=\"elementor-field-option\"><input type=\"radio\" value=\"Una empresa\" id=\"form-field-field_ded5b9f-0\" name=\"form_fields[field_ded5b9f]\" required=\"required\"> <label for=\"form-field-field_ded5b9f-0\">Una empresa<\/label><\/span><span class=\"elementor-field-option\"><input type=\"radio\" value=\"Un particular\" id=\"form-field-field_ded5b9f-1\" name=\"form_fields[field_ded5b9f]\" required=\"required\"> <label for=\"form-field-field_ded5b9f-1\">Un particular<\/label><\/span><\/div>\t\t\t\t<\/div>\n\t\t\t\t\t\t\t\t<div class=\"elementor-field-type-text elementor-field-group elementor-column elementor-field-group-name elementor-col-100 elementor-field-required elementor-mark-required\">\n\t\t\t\t\t\t\t\t\t\t\t\t\t<input size=\"1\" type=\"text\" name=\"form_fields[name]\" id=\"form-field-name\" class=\"elementor-field elementor-size-sm  elementor-field-textual\" placeholder=\"Nombre\" required=\"required\">\n\t\t\t\t\t\t\t\t\t\t\t<\/div>\n\t\t\t\t\t\t\t\t<div class=\"elementor-field-type-number elementor-field-group elementor-column elementor-field-group-field_51e17aa elementor-col-100 elementor-field-required elementor-mark-required\">\n\t\t\t\t\t\t\t\t<input type=\"number\" name=\"form_fields[field_51e17aa]\" id=\"form-field-field_51e17aa\" class=\"elementor-field elementor-size-sm  elementor-field-textual\" placeholder=\"Preferiblemente m\u00f3vil\" required=\"required\" min=\"\" max=\"\" >\n\t\t\t\t\t\t<\/div>\n\t\t\t\t\t\t\t\t<div class=\"elementor-field-type-email elementor-field-group elementor-column elementor-field-group-email elementor-col-100 elementor-field-required elementor-mark-required\">\n\t\t\t\t\t\t\t\t\t\t\t\t\t<input size=\"1\" type=\"email\" name=\"form_fields[email]\" id=\"form-field-email\" class=\"elementor-field elementor-size-sm  elementor-field-textual\" placeholder=\"Tu correo electr\u00f3nico\" required=\"required\">\n\t\t\t\t\t\t\t\t\t\t\t<\/div>\n\t\t\t\t\t\t\t\t<div class=\"elementor-field-type-textarea elementor-field-group elementor-column elementor-field-group-message elementor-col-100 elementor-field-required elementor-mark-required\">\n\t\t\t\t\t<textarea class=\"elementor-field-textual elementor-field  elementor-size-sm\" name=\"form_fields[message]\" id=\"form-field-message\" rows=\"4\" placeholder=\"\u00bfC\u00f3mo podemos ayudarte?\" required=\"required\"><\/textarea>\t\t\t\t<\/div>\n\t\t\t\t\t\t\t\t<div class=\"elementor-field-type-acceptance elementor-field-group elementor-column elementor-field-group-field_af2105f elementor-col-100 elementor-field-required elementor-mark-required\">\n\t\t\t\t\t\t\t\t\t\t\t\t<label for=\"form-field-field_af2105f\" class=\"elementor-field-label\">\n\t\t\t\t\t\t\t\tProtecci\u00f3n de datos\t\t\t\t\t\t\t<\/label>\n\t\t\t\t\t\t\t\t<div class=\"elementor-field-subgroup\">\n\t\t\t<span class=\"elementor-field-option\">\n\t\t\t\t<input type=\"checkbox\" name=\"form_fields[field_af2105f]\" id=\"form-field-field_af2105f\" class=\"elementor-field elementor-size-sm  elementor-acceptance-field\" required=\"required\">\n\t\t\t\t<label for=\"form-field-field_af2105f\">Acepto las condiciones de la <span style=\"text-decoration: underline;\"><a href=\"https:\/\/ariasdevelasco.com\/politica-de-privacidad\/\">pol\u00edtica de privacidad.<\/a><\/span><\/label>\t\t\t<\/span>\n\t\t<\/div>\n\t\t\t\t\t\t<\/div>\n\t\t\t\t\t\t\t\t<div class=\"elementor-field-group elementor-column elementor-field-type-submit elementor-col-100 e-form__buttons\">\n\t\t\t\t\t<button class=\"elementor-button elementor-size-sm\" type=\"submit\">\n\t\t\t\t\t\t<span class=\"elementor-button-content-wrapper\">\n\t\t\t\t\t\t\t\t\t\t\t\t\t\t\t\t\t\t\t\t\t\t<span class=\"elementor-button-text\">Enviar<\/span>\n\t\t\t\t\t\t\t\t\t\t\t\t\t<\/span>\n\t\t\t\t\t<\/button>\n\t\t\t\t<\/div>\n\t\t\t<\/div>\n\t\t<\/form>\n\t\t\t\t\t\t<\/div>\n\t\t\t\t<\/div>\n\t\t\t\t<\/div>\n\t\t\t\t\t<\/div>\n\t\t\t\t<\/div>\n\t\t\t\t<\/div>\n\t\t","protected":false},"excerpt":{"rendered":"<p>Law firm in Oviedo, Ribadesella and Llanes Our team of lawyers Our firm is a symbol of legal tradition, backed by years of family experience and a deep understanding of jurisprudence. The essence of our firm emanates from an extensive family tradition that has dedicated their lives exclusively to the law. Throughout ... <a title=\"Signature\" class=\"read-more\" href=\"https:\/\/ariasdevelasco.com\/en\/firma\/\" aria-label=\"Read more about Signature\">Read more<\/a><\/p>","protected":false},"author":6,"featured_media":0,"parent":0,"menu_order":0,"comment_status":"closed","ping_status":"closed","template":"","meta":{"pgc_sgb_lightbox_settings":"","_joinchat":[],"footnotes":""},"class_list":["post-77","page","type-page","status-publish"],"_links":{"self":[{"href":"https:\/\/ariasdevelasco.com\/en\/wp-json\/wp\/v2\/pages\/77","targetHints":{"allow":["GET"]}}],"collection":[{"href":"https:\/\/ariasdevelasco.com\/en\/wp-json\/wp\/v2\/pages"}],"about":[{"href":"https:\/\/ariasdevelasco.com\/en\/wp-json\/wp\/v2\/types\/page"}],"author":[{"embeddable":true,"href":"https:\/\/ariasdevelasco.com\/en\/wp-json\/wp\/v2\/users\/6"}],"replies":[{"embeddable":true,"href":"https:\/\/ariasdevelasco.com\/en\/wp-json\/wp\/v2\/comments?post=77"}],"version-history":[{"count":54,"href":"https:\/\/ariasdevelasco.com\/en\/wp-json\/wp\/v2\/pages\/77\/revisions"}],"predecessor-version":[{"id":1511,"href":"https:\/\/ariasdevelasco.com\/en\/wp-json\/wp\/v2\/pages\/77\/revisions\/1511"}],"wp:attachment":[{"href":"https:\/\/ariasdevelasco.com\/en\/wp-json\/wp\/v2\/media?parent=77"}],"curies":[{"name":"wp","href":"https:\/\/api.w.org\/{rel}","templated":true}]}}